{"id":260,"date":"2025-08-27T20:48:06","date_gmt":"2025-08-27T20:48:06","guid":{"rendered":"https:\/\/mav-madeira.pt\/test\/?elementor_library=home-fitness-coach"},"modified":"2025-09-25T09:19:08","modified_gmt":"2025-09-25T09:19:08","slug":"home-fitness-coach","status":"publish","type":"page","link":"https:\/\/mav-madeira.pt\/test\/","title":{"rendered":"Home222222"},"content":{"rendered":"\t\t<div data-elementor-type=\"page\" data-elementor-id=\"260\" class=\"elementor elementor-260\">\n\t\t\t\t<div class=\"elementor-element elementor-element-3f4a5d35 e-con-full e-flex e-con e-parent\" data-id=\"3f4a5d35\" data-element_type=\"container\" data-settings=\"{&quot;background_background&quot;:&quot;classic&quot;}\">\n\t\t<div class=\"elementor-element elementor-element-fd9d35a e-con-full e-flex e-con e-child\" data-id=\"fd9d35a\" data-element_type=\"container\" data-settings=\"{&quot;background_background&quot;:&quot;classic&quot;}\">\n\t\t\t\t<div class=\"elementor-element elementor-element-094a50a elementor-widget elementor-widget-heading\" data-id=\"094a50a\" data-element_type=\"widget\" data-widget_type=\"heading.default\">\n\t\t\t\t\t<h1 class=\"elementor-heading-title elementor-size-default\">Carolina Lu\u00eds<\/h1>\t\t\t\t<\/div>\n\t\t\t\t<div class=\"elementor-element elementor-element-31281e5 elementor-widget elementor-widget-text-editor\" data-id=\"31281e5\" data-element_type=\"widget\" data-widget_type=\"text-editor.default\">\n\t\t\t\t\t\t\t\t\t<p><span class=\"a_GcMg font-feature-liga-off font-feature-clig-off font-feature-calt-off text-decoration-none text-strikethrough-none\">Torno as finan\u00e7as acess\u00edveis para os trabalhadores independentes que querem dar os primeiros passos.<br \/><\/span>Pronto para dar o primeiro passo?<\/p>\t\t\t\t\t\t\t\t<\/div>\n\t\t\t\t<div class=\"elementor-element elementor-element-84dc9be elementor-align-center elementor-widget elementor-widget-button\" data-id=\"84dc9be\" data-element_type=\"widget\" data-widget_type=\"button.default\">\n\t\t\t\t\t\t\t\t\t\t<a class=\"elementor-button elementor-button-link elementor-size-sm\" href=\"#\">\n\t\t\t\t\t\t<span class=\"elementor-button-content-wrapper\">\n\t\t\t\t\t\t\t\t\t<span class=\"elementor-button-text\">Agendar consultoria<\/span>\n\t\t\t\t\t<\/span>\n\t\t\t\t\t<\/a>\n\t\t\t\t\t\t\t\t<\/div>\n\t\t\t\t<\/div>\n\t\t<div class=\"elementor-element elementor-element-939e453 e-con-full e-flex e-con e-child\" data-id=\"939e453\" data-element_type=\"container\" data-settings=\"{&quot;background_background&quot;:&quot;classic&quot;}\">\n\t\t\t\t<div class=\"elementor-element elementor-element-b4d2024 elementor-widget elementor-widget-image\" data-id=\"b4d2024\" data-element_type=\"widget\" data-widget_type=\"image.default\">\n\t\t\t\t\t\t\t\t\t\t\t\t\t\t\t<img fetchpriority=\"high\" decoding=\"async\" width=\"845\" height=\"1024\" src=\"https:\/\/mav-madeira.pt\/test\/wp-content\/uploads\/2025\/09\/home-845x1024.png\" class=\"attachment-large size-large wp-image-1294\" alt=\"\" srcset=\"https:\/\/mav-madeira.pt\/test\/wp-content\/uploads\/2025\/09\/home-845x1024.png 845w, https:\/\/mav-madeira.pt\/test\/wp-content\/uploads\/2025\/09\/home-248x300.png 248w, https:\/\/mav-madeira.pt\/test\/wp-content\/uploads\/2025\/09\/home-768x931.png 768w, https:\/\/mav-madeira.pt\/test\/wp-content\/uploads\/2025\/09\/home-1268x1536.png 1268w, https:\/\/mav-madeira.pt\/test\/wp-content\/uploads\/2025\/09\/home-1690x2048.png 1690w, https:\/\/mav-madeira.pt\/test\/wp-content\/uploads\/2025\/09\/home-600x727.png 600w\" sizes=\"(max-width: 845px) 100vw, 845px\" \/>\t\t\t\t\t\t\t\t\t\t\t\t\t\t\t<\/div>\n\t\t\t\t<\/div>\n\t\t\t\t<\/div>\n\t\t<div class=\"elementor-element elementor-element-42f79d3d e-con-full e-flex e-con e-parent\" data-id=\"42f79d3d\" data-element_type=\"container\" data-settings=\"{&quot;background_background&quot;:&quot;video&quot;,&quot;background_privacy_mode&quot;:&quot;yes&quot;}\">\n\t\t\t\t<div class=\"elementor-element elementor-element-d473e8d elementor-widget-mobile__width-inherit elementor-widget elementor-widget-heading\" data-id=\"d473e8d\" data-element_type=\"widget\" data-widget_type=\"heading.default\">\n\t\t\t\t\t<h1 class=\"elementor-heading-title elementor-size-default\">Acredito que sair da zona de conforto d\u00f3i, mas vale a pena.<\/h1>\t\t\t\t<\/div>\n\t\t\t\t<div class=\"elementor-element elementor-element-1aa1771 elementor-widget-mobile__width-inherit elementor-widget elementor-widget-heading\" data-id=\"1aa1771\" data-element_type=\"widget\" data-widget_type=\"heading.default\">\n\t\t\t\t\t<h1 class=\"elementor-heading-title elementor-size-default\">Nas vezes que arriscas, ganhas sempre mais do que perdes.<\/h1>\t\t\t\t<\/div>\n\t\t\t\t<div class=\"elementor-element elementor-element-4b5a2ae elementor-widget-mobile__width-inherit elementor-widget elementor-widget-heading\" data-id=\"4b5a2ae\" data-element_type=\"widget\" data-widget_type=\"heading.default\">\n\t\t\t\t\t<h1 class=\"elementor-heading-title elementor-size-default\">Arriscar \u00e9 muito mais sobre aquilo que aprendes no processo do que, efetivamente, o resultado final.<\/h1>\t\t\t\t<\/div>\n\t\t\t\t<\/div>\n\t\t<div class=\"elementor-element elementor-element-4e816491 e-con-full e-flex e-con e-parent\" data-id=\"4e816491\" data-element_type=\"container\" data-settings=\"{&quot;background_background&quot;:&quot;classic&quot;}\">\n\t\t<div class=\"elementor-element elementor-element-b65d8a7 e-con-full e-flex e-con e-child\" data-id=\"b65d8a7\" data-element_type=\"container\">\n\t\t\t\t<div class=\"elementor-element elementor-element-69961bd elementor-widget elementor-widget-heading\" data-id=\"69961bd\" data-element_type=\"widget\" data-widget_type=\"heading.default\">\n\t\t\t\t\t<h1 class=\"elementor-heading-title elementor-size-default\">Sobre mim<\/h1>\t\t\t\t<\/div>\n\t\t\t\t<div class=\"elementor-element elementor-element-76f91af elementor-widget elementor-widget-text-editor\" data-id=\"76f91af\" data-element_type=\"widget\" data-widget_type=\"text-editor.default\">\n\t\t\t\t\t\t\t\t\t<p><span class=\"a_GcMg font-feature-liga-off font-feature-clig-off font-feature-calt-off text-decoration-none text-strikethrough-none\">Ol\u00e1,<br \/><\/span><span class=\"a_GcMg font-feature-liga-off font-feature-clig-off font-feature-calt-off font-size-modifier text-decoration-none text-strikethrough-none\">Sou a Carolina,<\/span><span class=\"a_GcMg font-feature-liga-off font-feature-clig-off font-feature-calt-off text-decoration-none text-strikethrough-none\"> formadora certificada em finan\u00e7as para trabalhadores independentes e especialista em alojamento local.<\/span><\/p><p><span class=\"a_GcMg font-feature-liga-off font-feature-clig-off font-feature-calt-off text-decoration-none text-strikethrough-none\">Em 2022, despedi-me de um trabalho onde n\u00e3o era feliz e dediquei-me a ensinar.<\/span> <span class=\"a_GcMg font-feature-liga-off font-feature-clig-off font-feature-calt-off text-decoration-none text-strikethrough-none\">Em dezembro de 2023 criei o Projeto Finan\u00e7as Acess\u00edveis, com a miss\u00e3o de tornar as finan\u00e7as simples e ao alcance de todos.<\/span><\/p><p><span class=\"a_GcMg font-feature-liga-off font-feature-clig-off font-feature-calt-off text-decoration-none text-strikethrough-none\">A minha miss\u00e3o \u00e9 clara: transformar as finan\u00e7as de algo complicado e assustador, em algo acess\u00edvel e simples para o sucesso do teu neg\u00f3cio.<\/span><\/p>\t\t\t\t\t\t\t\t<\/div>\n\t\t\t\t<\/div>\n\t\t<div class=\"elementor-element elementor-element-14e1794a e-con-full e-flex e-con e-child\" data-id=\"14e1794a\" data-element_type=\"container\">\n\t\t\t\t<div class=\"elementor-element elementor-element-2d15e24 elementor-widget elementor-widget-image\" data-id=\"2d15e24\" data-element_type=\"widget\" data-widget_type=\"image.default\">\n\t\t\t\t\t\t\t\t\t\t\t\t\t\t\t<img decoding=\"async\" width=\"2226\" height=\"2560\" src=\"https:\/\/mav-madeira.pt\/test\/wp-content\/uploads\/2025\/08\/IMG_71882222-scaled.jpg\" class=\"attachment-full size-full wp-image-425\" alt=\"\" srcset=\"https:\/\/mav-madeira.pt\/test\/wp-content\/uploads\/2025\/08\/IMG_71882222-scaled.jpg 2226w, https:\/\/mav-madeira.pt\/test\/wp-content\/uploads\/2025\/08\/IMG_71882222-scaled-600x690.jpg 600w, https:\/\/mav-madeira.pt\/test\/wp-content\/uploads\/2025\/08\/IMG_71882222-261x300.jpg 261w, https:\/\/mav-madeira.pt\/test\/wp-content\/uploads\/2025\/08\/IMG_71882222-890x1024.jpg 890w, https:\/\/mav-madeira.pt\/test\/wp-content\/uploads\/2025\/08\/IMG_71882222-768x883.jpg 768w, https:\/\/mav-madeira.pt\/test\/wp-content\/uploads\/2025\/08\/IMG_71882222-1336x1536.jpg 1336w, https:\/\/mav-madeira.pt\/test\/wp-content\/uploads\/2025\/08\/IMG_71882222-1781x2048.jpg 1781w\" sizes=\"(max-width: 2226px) 100vw, 2226px\" \/>\t\t\t\t\t\t\t\t\t\t\t\t\t\t\t<\/div>\n\t\t\t\t<\/div>\n\t\t\t\t<\/div>\n\t\t<div class=\"elementor-element elementor-element-f085455 e-con-full e-flex e-con e-parent\" data-id=\"f085455\" data-element_type=\"container\" data-settings=\"{&quot;background_background&quot;:&quot;classic&quot;}\">\n\t\t<div class=\"elementor-element elementor-element-0becfe4 e-con-full e-flex e-con e-child\" data-id=\"0becfe4\" data-element_type=\"container\" data-settings=\"{&quot;background_background&quot;:&quot;video&quot;,&quot;background_privacy_mode&quot;:&quot;yes&quot;}\">\n\t\t\t\t<div class=\"elementor-element elementor-element-83e185e elementor-widget__width-initial elementor-widget elementor-widget-video\" data-id=\"83e185e\" data-element_type=\"widget\" data-settings=\"{&quot;video_type&quot;:&quot;hosted&quot;,&quot;autoplay&quot;:&quot;yes&quot;,&quot;mute&quot;:&quot;yes&quot;,&quot;loop&quot;:&quot;yes&quot;}\" data-widget_type=\"video.default\">\n\t\t\t\t\t\t\t<div class=\"e-hosted-video elementor-wrapper elementor-open-inline\">\n\t\t\t\t\t<video class=\"elementor-video\" src=\"https:\/\/mav-madeira.pt\/test\/wp-content\/uploads\/2025\/09\/Sobre-Mim01-1.mp4\" autoplay=\"\" loop=\"\" muted=\"muted\" controlsList=\"nodownload\"><\/video>\n\t\t\t\t<\/div>\n\t\t\t\t\t\t<\/div>\n\t\t\t\t<\/div>\n\t\t<div class=\"elementor-element elementor-element-d53a627 e-flex e-con-boxed e-con e-child\" data-id=\"d53a627\" data-element_type=\"container\">\n\t\t\t\t\t<div class=\"e-con-inner\">\n\t\t\t\t<div class=\"elementor-element elementor-element-6cdc072 elementor-widget elementor-widget-heading\" data-id=\"6cdc072\" data-element_type=\"widget\" data-widget_type=\"heading.default\">\n\t\t\t\t\t<h1 class=\"elementor-heading-title elementor-size-default\">Vamos crescer juntos?<\/h1>\t\t\t\t<\/div>\n\t\t\t\t<div class=\"elementor-element elementor-element-5ef5559 elementor-align-center elementor-widget elementor-widget-button\" data-id=\"5ef5559\" data-element_type=\"widget\" data-widget_type=\"button.default\">\n\t\t\t\t\t\t\t\t\t\t<a class=\"elementor-button elementor-button-link elementor-size-sm\" href=\"https:\/\/mav-madeira.pt\/test\/consultoria-trabalhador-independente\/\">\n\t\t\t\t\t\t<span class=\"elementor-button-content-wrapper\">\n\t\t\t\t\t\t\t\t\t<span class=\"elementor-button-text\">Consultoria Trabalhador Independente<\/span>\n\t\t\t\t\t<\/span>\n\t\t\t\t\t<\/a>\n\t\t\t\t\t\t\t\t<\/div>\n\t\t\t\t<div class=\"elementor-element elementor-element-5f471b0 elementor-align-center elementor-widget elementor-widget-button\" data-id=\"5f471b0\" data-element_type=\"widget\" data-widget_type=\"button.default\">\n\t\t\t\t\t\t\t\t\t\t<a class=\"elementor-button elementor-button-link elementor-size-sm\" href=\"https:\/\/mav-madeira.pt\/test\/consultoria-alojamento-local\/\">\n\t\t\t\t\t\t<span class=\"elementor-button-content-wrapper\">\n\t\t\t\t\t\t\t\t\t<span class=\"elementor-button-text\">Consultoria Alojamento Local<\/span>\n\t\t\t\t\t<\/span>\n\t\t\t\t\t<\/a>\n\t\t\t\t\t\t\t\t<\/div>\n\t\t\t\t<div class=\"elementor-element elementor-element-b2e591a elementor-align-center elementor-widget elementor-widget-button\" data-id=\"b2e591a\" data-element_type=\"widget\" data-widget_type=\"button.default\">\n\t\t\t\t\t\t\t\t\t\t<a class=\"elementor-button elementor-button-link elementor-size-sm\" href=\"https:\/\/mav-madeira.pt\/test\/ebooks\/\">\n\t\t\t\t\t\t<span class=\"elementor-button-content-wrapper\">\n\t\t\t\t\t\t\t\t\t<span class=\"elementor-button-text\">E-books<\/span>\n\t\t\t\t\t<\/span>\n\t\t\t\t\t<\/a>\n\t\t\t\t\t\t\t\t<\/div>\n\t\t\t\t\t<\/div>\n\t\t\t\t<\/div>\n\t\t\t\t<\/div>\n\t\t<div class=\"elementor-element elementor-element-55dc08b5 e-con-full e-flex e-con e-parent\" data-id=\"55dc08b5\" data-element_type=\"container\">\n\t\t\t\t<div class=\"elementor-element elementor-element-be449d9 elementor-widget elementor-widget-score-instagram-gallery\" data-id=\"be449d9\" data-element_type=\"widget\" data-widget_type=\"score-instagram-gallery.default\">\n\t\t\t\t<div class=\"elementor-widget-container\">\n\t\t\t\t\t<div class=\"score-instagram-gallery\"><ul class=\"score-ig__items\"><li class=\"score-ig__item\"><img decoding=\"async\" width=\"768\" height=\"1152\" src=\"https:\/\/mav-madeira.pt\/test\/wp-content\/uploads\/2025\/09\/IMG_1386-768x1152.jpg\" class=\"attachment-medium_large size-medium_large\" alt=\"\" srcset=\"https:\/\/mav-madeira.pt\/test\/wp-content\/uploads\/2025\/09\/IMG_1386-768x1152.jpg 768w, https:\/\/mav-madeira.pt\/test\/wp-content\/uploads\/2025\/09\/IMG_1386-200x300.jpg 200w, https:\/\/mav-madeira.pt\/test\/wp-content\/uploads\/2025\/09\/IMG_1386-683x1024.jpg 683w, https:\/\/mav-madeira.pt\/test\/wp-content\/uploads\/2025\/09\/IMG_1386-1024x1536.jpg 1024w, https:\/\/mav-madeira.pt\/test\/wp-content\/uploads\/2025\/09\/IMG_1386-1365x2048.jpg 1365w, https:\/\/mav-madeira.pt\/test\/wp-content\/uploads\/2025\/09\/IMG_1386-600x900.jpg 600w, https:\/\/mav-madeira.pt\/test\/wp-content\/uploads\/2025\/09\/IMG_1386-scaled.jpg 1706w\" sizes=\"(max-width: 768px) 100vw, 768px\" \/><\/li><li class=\"score-ig__item\"><img loading=\"lazy\" decoding=\"async\" width=\"768\" height=\"1152\" src=\"https:\/\/mav-madeira.pt\/test\/wp-content\/uploads\/2025\/09\/IMG_6793-768x1152.jpg\" class=\"attachment-medium_large size-medium_large\" alt=\"\" srcset=\"https:\/\/mav-madeira.pt\/test\/wp-content\/uploads\/2025\/09\/IMG_6793-768x1152.jpg 768w, https:\/\/mav-madeira.pt\/test\/wp-content\/uploads\/2025\/09\/IMG_6793-200x300.jpg 200w, https:\/\/mav-madeira.pt\/test\/wp-content\/uploads\/2025\/09\/IMG_6793-683x1024.jpg 683w, https:\/\/mav-madeira.pt\/test\/wp-content\/uploads\/2025\/09\/IMG_6793-1024x1536.jpg 1024w, https:\/\/mav-madeira.pt\/test\/wp-content\/uploads\/2025\/09\/IMG_6793-1365x2048.jpg 1365w, https:\/\/mav-madeira.pt\/test\/wp-content\/uploads\/2025\/09\/IMG_6793-600x900.jpg 600w, https:\/\/mav-madeira.pt\/test\/wp-content\/uploads\/2025\/09\/IMG_6793-scaled.jpg 1707w\" sizes=\"(max-width: 768px) 100vw, 768px\" \/><\/li><li class=\"score-ig__item\"><img loading=\"lazy\" decoding=\"async\" width=\"768\" height=\"1427\" src=\"https:\/\/mav-madeira.pt\/test\/wp-content\/uploads\/2025\/09\/WhatsApp-Image-2025-09-08-at-14.49.38-1-768x1427.jpeg\" class=\"attachment-medium_large size-medium_large\" alt=\"\" srcset=\"https:\/\/mav-madeira.pt\/test\/wp-content\/uploads\/2025\/09\/WhatsApp-Image-2025-09-08-at-14.49.38-1-768x1427.jpeg 768w, https:\/\/mav-madeira.pt\/test\/wp-content\/uploads\/2025\/09\/WhatsApp-Image-2025-09-08-at-14.49.38-1-161x300.jpeg 161w, https:\/\/mav-madeira.pt\/test\/wp-content\/uploads\/2025\/09\/WhatsApp-Image-2025-09-08-at-14.49.38-1-551x1024.jpeg 551w, https:\/\/mav-madeira.pt\/test\/wp-content\/uploads\/2025\/09\/WhatsApp-Image-2025-09-08-at-14.49.38-1-827x1536.jpeg 827w, https:\/\/mav-madeira.pt\/test\/wp-content\/uploads\/2025\/09\/WhatsApp-Image-2025-09-08-at-14.49.38-1-600x1115.jpeg 600w, https:\/\/mav-madeira.pt\/test\/wp-content\/uploads\/2025\/09\/WhatsApp-Image-2025-09-08-at-14.49.38-1.jpeg 861w\" sizes=\"(max-width: 768px) 100vw, 768px\" \/><\/li><li class=\"score-ig__item\"><img loading=\"lazy\" decoding=\"async\" width=\"768\" height=\"1191\" src=\"https:\/\/mav-madeira.pt\/test\/wp-content\/uploads\/2025\/09\/WhatsApp-Image-2025-09-08-at-14.49.38-768x1191.jpeg\" class=\"attachment-medium_large size-medium_large\" alt=\"\" srcset=\"https:\/\/mav-madeira.pt\/test\/wp-content\/uploads\/2025\/09\/WhatsApp-Image-2025-09-08-at-14.49.38-768x1191.jpeg 768w, https:\/\/mav-madeira.pt\/test\/wp-content\/uploads\/2025\/09\/WhatsApp-Image-2025-09-08-at-14.49.38-194x300.jpeg 194w, https:\/\/mav-madeira.pt\/test\/wp-content\/uploads\/2025\/09\/WhatsApp-Image-2025-09-08-at-14.49.38-660x1024.jpeg 660w, https:\/\/mav-madeira.pt\/test\/wp-content\/uploads\/2025\/09\/WhatsApp-Image-2025-09-08-at-14.49.38-991x1536.jpeg 991w, https:\/\/mav-madeira.pt\/test\/wp-content\/uploads\/2025\/09\/WhatsApp-Image-2025-09-08-at-14.49.38-600x930.jpeg 600w, https:\/\/mav-madeira.pt\/test\/wp-content\/uploads\/2025\/09\/WhatsApp-Image-2025-09-08-at-14.49.38.jpeg 1032w\" sizes=\"(max-width: 768px) 100vw, 768px\" \/><\/li><li class=\"score-ig__item\"><img loading=\"lazy\" decoding=\"async\" width=\"768\" height=\"1153\" src=\"https:\/\/mav-madeira.pt\/test\/wp-content\/uploads\/2025\/09\/WhatsApp-Image-2025-09-08-at-14.49.38-2-768x1153.jpeg\" class=\"attachment-medium_large size-medium_large\" alt=\"\" srcset=\"https:\/\/mav-madeira.pt\/test\/wp-content\/uploads\/2025\/09\/WhatsApp-Image-2025-09-08-at-14.49.38-2-768x1153.jpeg 768w, https:\/\/mav-madeira.pt\/test\/wp-content\/uploads\/2025\/09\/WhatsApp-Image-2025-09-08-at-14.49.38-2-200x300.jpeg 200w, https:\/\/mav-madeira.pt\/test\/wp-content\/uploads\/2025\/09\/WhatsApp-Image-2025-09-08-at-14.49.38-2-682x1024.jpeg 682w, https:\/\/mav-madeira.pt\/test\/wp-content\/uploads\/2025\/09\/WhatsApp-Image-2025-09-08-at-14.49.38-2-1023x1536.jpeg 1023w, https:\/\/mav-madeira.pt\/test\/wp-content\/uploads\/2025\/09\/WhatsApp-Image-2025-09-08-at-14.49.38-2-600x901.jpeg 600w, https:\/\/mav-madeira.pt\/test\/wp-content\/uploads\/2025\/09\/WhatsApp-Image-2025-09-08-at-14.49.38-2.jpeg 1066w\" sizes=\"(max-width: 768px) 100vw, 768px\" \/><\/li><li class=\"score-ig__item\"><img loading=\"lazy\" decoding=\"async\" width=\"768\" height=\"1152\" src=\"https:\/\/mav-madeira.pt\/test\/wp-content\/uploads\/2025\/09\/IMG_6288-768x1152.jpg\" class=\"attachment-medium_large size-medium_large\" alt=\"\" srcset=\"https:\/\/mav-madeira.pt\/test\/wp-content\/uploads\/2025\/09\/IMG_6288-768x1152.jpg 768w, https:\/\/mav-madeira.pt\/test\/wp-content\/uploads\/2025\/09\/IMG_6288-200x300.jpg 200w, https:\/\/mav-madeira.pt\/test\/wp-content\/uploads\/2025\/09\/IMG_6288-683x1024.jpg 683w, https:\/\/mav-madeira.pt\/test\/wp-content\/uploads\/2025\/09\/IMG_6288-1024x1536.jpg 1024w, https:\/\/mav-madeira.pt\/test\/wp-content\/uploads\/2025\/09\/IMG_6288-1365x2048.jpg 1365w, https:\/\/mav-madeira.pt\/test\/wp-content\/uploads\/2025\/09\/IMG_6288-600x900.jpg 600w, https:\/\/mav-madeira.pt\/test\/wp-content\/uploads\/2025\/09\/IMG_6288-scaled.jpg 1707w\" sizes=\"(max-width: 768px) 100vw, 768px\" \/><\/li><\/ul><div class=\"score-ig__info\"><a href=\"https:\/\/www.instagram.com\/financasacessiveis\"><div class=\"score-ig__content\"><svg class=\"score-ig__icon\" width=\"20\" height=\"20\" viewBox=\"0 0 20 20\" fill=\"none\" xmlns=\"http:\/\/www.w3.org\/2000\/svg\"><path fill-rule=\"evenodd\" clip-rule=\"evenodd\" d=\"M15 0H5C2.23858 0 0 2.23858 0 5V15C0 17.7614 2.23858 20 5 20H15C17.7614 20 20 17.7614 20 15V5C20 2.23858 17.7614 0 15 0ZM14 9.36987C14.1235 10.2021 13.9813 11.0521 13.5938 11.7989C13.2063 12.5457 12.5932 13.1513 11.8417 13.5295C11.0901 13.9078 10.2385 14.0395 9.40783 13.9058C8.57717 13.7721 7.8098 13.38 7.21488 12.785C6.61996 12.1901 6.22777 11.4227 6.09411 10.5921C5.96045 9.76143 6.09211 8.90977 6.47037 8.15825C6.84863 7.40673 7.45423 6.79361 8.20103 6.40612C8.94783 6.01862 9.7978 5.87646 10.63 5.99987C11.479 6.12576 12.2649 6.52134 12.8717 7.12818C13.4786 7.73502 13.8742 8.52095 14 9.36987ZM16 5.49994C16.8285 5.49994 17.5 4.82837 17.5 3.99994C17.5 3.17151 16.8285 2.49994 16 2.49994C15.1716 2.49994 14.5 3.17151 14.5 3.99994C14.5 4.82837 15.1716 5.49994 16 5.49994Z\" fill=\"black\"\/><\/svg><div class=\"score-ig__title\">@financasacessiveis<\/div><\/div><button class=\"score-btn score-btn-block score-btn-primary\">Segue-me<\/button><\/a><\/div><\/div>\t\t\t\t<\/div>\n\t\t\t\t<\/div>\n\t\t\t\t<\/div>\n\t\t\t\t<\/div>\n\t\t","protected":false},"excerpt":{"rendered":"<p>Carolina Lu\u00eds Torno as finan\u00e7as acess\u00edveis para os trabalhadores independentes que querem dar os primeiros passos.Pronto para dar o primeiro passo? Agendar consultoria Acredito que sair da zona de conforto d\u00f3i, mas vale a pena. Nas vezes que arriscas, ganhas sempre mais do que perdes. Arriscar \u00e9 muito mais sobre aquilo que aprendes no processo [&hellip;]<\/p>\n","protected":false},"author":2,"featured_media":0,"parent":0,"menu_order":0,"comment_status":"closed","ping_status":"closed","template":"elementor_header_footer","meta":{"episode_type":"","audio_file":"","cover_image":"","cover_image_id":"","duration":"","filesize":"","date_recorded":"","explicit":"","block":"","itunes_episode_number":"","itunes_title":"","itunes_season_number":"","itunes_episode_type":"","filesize_raw":"","footnotes":""},"class_list":["post-260","page","type-page","status-publish","hentry"],"_links":{"self":[{"href":"https:\/\/mav-madeira.pt\/test\/wp-json\/wp\/v2\/pages\/260","targetHints":{"allow":["GET"]}}],"collection":[{"href":"https:\/\/mav-madeira.pt\/test\/wp-json\/wp\/v2\/pages"}],"about":[{"href":"https:\/\/mav-madeira.pt\/test\/wp-json\/wp\/v2\/types\/page"}],"author":[{"embeddable":true,"href":"https:\/\/mav-madeira.pt\/test\/wp-json\/wp\/v2\/users\/2"}],"replies":[{"embeddable":true,"href":"https:\/\/mav-madeira.pt\/test\/wp-json\/wp\/v2\/comments?post=260"}],"version-history":[{"count":130,"href":"https:\/\/mav-madeira.pt\/test\/wp-json\/wp\/v2\/pages\/260\/revisions"}],"predecessor-version":[{"id":1362,"href":"https:\/\/mav-madeira.pt\/test\/wp-json\/wp\/v2\/pages\/260\/revisions\/1362"}],"wp:attachment":[{"href":"https:\/\/mav-madeira.pt\/test\/wp-json\/wp\/v2\/media?parent=260"}],"curies":[{"name":"wp","href":"https:\/\/api.w.org\/{rel}","templated":true}]}}