{"id":765,"date":"2025-09-01T21:04:12","date_gmt":"2025-09-01T21:04:12","guid":{"rendered":"https:\/\/mav-madeira.pt\/test\/?page_id=765"},"modified":"2025-09-23T08:44:27","modified_gmt":"2025-09-23T08:44:27","slug":"ebooks","status":"publish","type":"page","link":"https:\/\/mav-madeira.pt\/test\/ebooks\/","title":{"rendered":"E-books"},"content":{"rendered":"\t\t<div data-elementor-type=\"page\" data-elementor-id=\"765\" class=\"elementor elementor-765\">\n\t\t\t\t<div class=\"elementor-element elementor-element-54ce225 e-con-full e-flex e-con e-parent\" data-id=\"54ce225\" data-element_type=\"container\">\n\t\t\t\t<div class=\"elementor-element elementor-element-89d78f3 elementor-widget elementor-widget-heading\" data-id=\"89d78f3\" data-element_type=\"widget\" data-widget_type=\"heading.default\">\n\t\t\t\t\t<h1 class=\"elementor-heading-title elementor-size-default\">Os meus E-books<\/h1>\t\t\t\t<\/div>\n\t\t<div class=\"elementor-element elementor-element-6af1a3e e-con-full e-flex e-con e-child\" data-id=\"6af1a3e\" data-element_type=\"container\">\n\t\t<div class=\"elementor-element elementor-element-01c7db4 e-con-full e-flex e-con e-child\" data-id=\"01c7db4\" data-element_type=\"container\">\n\t\t\t\t<div class=\"elementor-element elementor-element-50c65d7 elementor-widget elementor-widget-image\" data-id=\"50c65d7\" data-element_type=\"widget\" data-widget_type=\"image.default\">\n\t\t\t\t\t\t\t\t\t\t\t\t\t\t\t\t<a href=\"https:\/\/mav-madeira.pt\/test\/ebook-guia-pratico-do-alojamento-local\/\">\n\t\t\t\t\t\t\t<img fetchpriority=\"high\" decoding=\"async\" width=\"1080\" height=\"1080\" src=\"https:\/\/mav-madeira.pt\/test\/wp-content\/uploads\/2025\/09\/Ebook-AL.png\" class=\"attachment-full size-full wp-image-1039\" alt=\"\" srcset=\"https:\/\/mav-madeira.pt\/test\/wp-content\/uploads\/2025\/09\/Ebook-AL.png 1080w, https:\/\/mav-madeira.pt\/test\/wp-content\/uploads\/2025\/09\/Ebook-AL-300x300.png 300w, https:\/\/mav-madeira.pt\/test\/wp-content\/uploads\/2025\/09\/Ebook-AL-1024x1024.png 1024w, https:\/\/mav-madeira.pt\/test\/wp-content\/uploads\/2025\/09\/Ebook-AL-150x150.png 150w, https:\/\/mav-madeira.pt\/test\/wp-content\/uploads\/2025\/09\/Ebook-AL-768x768.png 768w, https:\/\/mav-madeira.pt\/test\/wp-content\/uploads\/2025\/09\/Ebook-AL-600x600.png 600w, https:\/\/mav-madeira.pt\/test\/wp-content\/uploads\/2025\/09\/Ebook-AL-100x100.png 100w\" sizes=\"(max-width: 1080px) 100vw, 1080px\" \/>\t\t\t\t\t\t\t\t<\/a>\n\t\t\t\t\t\t\t\t\t\t\t\t\t\t\t<\/div>\n\t\t\t\t<div class=\"elementor-element elementor-element-cdbe5af elementor-widget elementor-widget-text-editor\" data-id=\"cdbe5af\" data-element_type=\"widget\" data-widget_type=\"text-editor.default\">\n\t\t\t\t\t\t\t\t\t<p><span class=\"a_GcMg font-feature-liga-off font-feature-clig-off font-feature-calt-off text-decoration-none text-strikethrough-none\">Um e-book simples e pr\u00e1tico que vai elucidar-te sobre todos os passos que tens de cumprir para teres um alojamento local legal, de acordo com a legisla\u00e7\u00e3o em vigor.<\/span><\/p>\t\t\t\t\t\t\t\t<\/div>\n\t\t\t\t<div class=\"elementor-element elementor-element-cb0b4b8 elementor-align-center elementor-widget elementor-widget-button\" data-id=\"cb0b4b8\" data-element_type=\"widget\" data-widget_type=\"button.default\">\n\t\t\t\t\t\t\t\t\t\t<a class=\"elementor-button elementor-button-link elementor-size-sm\" href=\"https:\/\/mav-madeira.pt\/test\/ebook-guia-pratico-do-alojamento-local\/\">\n\t\t\t\t\t\t<span class=\"elementor-button-content-wrapper\">\n\t\t\t\t\t\t\t\t\t<span class=\"elementor-button-text\">Saber mais<\/span>\n\t\t\t\t\t<\/span>\n\t\t\t\t\t<\/a>\n\t\t\t\t\t\t\t\t<\/div>\n\t\t\t\t<\/div>\n\t\t<div class=\"elementor-element elementor-element-f4f1691 e-con-full e-flex e-con e-child\" data-id=\"f4f1691\" data-element_type=\"container\">\n\t\t\t\t<div class=\"elementor-element elementor-element-8079e57 elementor-widget elementor-widget-image\" data-id=\"8079e57\" data-element_type=\"widget\" data-widget_type=\"image.default\">\n\t\t\t\t\t\t\t\t\t\t\t\t\t\t\t\t<a href=\"https:\/\/mav-madeira.pt\/test\/ebook-guia-irs-trabalhadores-independentes\/\">\n\t\t\t\t\t\t\t<img decoding=\"async\" width=\"1080\" height=\"1080\" src=\"https:\/\/mav-madeira.pt\/test\/wp-content\/uploads\/2025\/09\/Guia-Pratico-de-IRS-para-Trabalhadores-Independentes-.png\" class=\"attachment-full size-full wp-image-834\" alt=\"\" srcset=\"https:\/\/mav-madeira.pt\/test\/wp-content\/uploads\/2025\/09\/Guia-Pratico-de-IRS-para-Trabalhadores-Independentes-.png 1080w, https:\/\/mav-madeira.pt\/test\/wp-content\/uploads\/2025\/09\/Guia-Pratico-de-IRS-para-Trabalhadores-Independentes--300x300.png 300w, https:\/\/mav-madeira.pt\/test\/wp-content\/uploads\/2025\/09\/Guia-Pratico-de-IRS-para-Trabalhadores-Independentes--1024x1024.png 1024w, https:\/\/mav-madeira.pt\/test\/wp-content\/uploads\/2025\/09\/Guia-Pratico-de-IRS-para-Trabalhadores-Independentes--150x150.png 150w, https:\/\/mav-madeira.pt\/test\/wp-content\/uploads\/2025\/09\/Guia-Pratico-de-IRS-para-Trabalhadores-Independentes--768x768.png 768w, https:\/\/mav-madeira.pt\/test\/wp-content\/uploads\/2025\/09\/Guia-Pratico-de-IRS-para-Trabalhadores-Independentes--600x600.png 600w, https:\/\/mav-madeira.pt\/test\/wp-content\/uploads\/2025\/09\/Guia-Pratico-de-IRS-para-Trabalhadores-Independentes--100x100.png 100w\" sizes=\"(max-width: 1080px) 100vw, 1080px\" \/>\t\t\t\t\t\t\t\t<\/a>\n\t\t\t\t\t\t\t\t\t\t\t\t\t\t\t<\/div>\n\t\t\t\t<div class=\"elementor-element elementor-element-e82ec5a elementor-widget elementor-widget-text-editor\" data-id=\"e82ec5a\" data-element_type=\"widget\" data-widget_type=\"text-editor.default\">\n\t\t\t\t\t\t\t\t\t<p><span class=\"a_GcMg font-feature-liga-off font-feature-clig-off font-feature-calt-off text-decoration-none text-strikethrough-none\">Um guia direto e acess\u00edvel com tudo o que precisas de saber<\/span> <span class=\"a_GcMg font-feature-liga-off font-feature-clig-off font-feature-calt-off text-decoration-none text-strikethrough-none\">para preencheres o anexo B e o anexo da Seguran\u00e7a Social da Declara\u00e7\u00e3o de IRS, sem complica\u00e7\u00f5es.<\/span><\/p>\t\t\t\t\t\t\t\t<\/div>\n\t\t\t\t<div class=\"elementor-element elementor-element-ce71cbf elementor-align-center elementor-widget elementor-widget-button\" data-id=\"ce71cbf\" data-element_type=\"widget\" data-widget_type=\"button.default\">\n\t\t\t\t\t\t\t\t\t\t<a class=\"elementor-button elementor-button-link elementor-size-sm\" href=\"https:\/\/mav-madeira.pt\/test\/ebook-guia-irs-trabalhadores-independentes\/\">\n\t\t\t\t\t\t<span class=\"elementor-button-content-wrapper\">\n\t\t\t\t\t\t\t\t\t<span class=\"elementor-button-text\">Saber mais<\/span>\n\t\t\t\t\t<\/span>\n\t\t\t\t\t<\/a>\n\t\t\t\t\t\t\t\t<\/div>\n\t\t\t\t<\/div>\n\t\t\t\t<\/div>\n\t\t\t\t<\/div>\n\t\t<div class=\"elementor-element elementor-element-25b4d975 e-con-full e-flex e-con e-parent\" data-id=\"25b4d975\" data-element_type=\"container\">\n\t\t\t\t<div class=\"elementor-element elementor-element-ca92b8e elementor-widget elementor-widget-score-instagram-gallery\" data-id=\"ca92b8e\" data-element_type=\"widget\" data-widget_type=\"score-instagram-gallery.default\">\n\t\t\t\t<div class=\"elementor-widget-container\">\n\t\t\t\t\t<div class=\"score-instagram-gallery\"><ul class=\"score-ig__items\"><li class=\"score-ig__item\"><img decoding=\"async\" width=\"768\" height=\"1152\" src=\"https:\/\/mav-madeira.pt\/test\/wp-content\/uploads\/2025\/09\/IMG_1386-768x1152.jpg\" class=\"attachment-medium_large size-medium_large\" alt=\"\" srcset=\"https:\/\/mav-madeira.pt\/test\/wp-content\/uploads\/2025\/09\/IMG_1386-768x1152.jpg 768w, https:\/\/mav-madeira.pt\/test\/wp-content\/uploads\/2025\/09\/IMG_1386-200x300.jpg 200w, https:\/\/mav-madeira.pt\/test\/wp-content\/uploads\/2025\/09\/IMG_1386-683x1024.jpg 683w, https:\/\/mav-madeira.pt\/test\/wp-content\/uploads\/2025\/09\/IMG_1386-1024x1536.jpg 1024w, https:\/\/mav-madeira.pt\/test\/wp-content\/uploads\/2025\/09\/IMG_1386-1365x2048.jpg 1365w, https:\/\/mav-madeira.pt\/test\/wp-content\/uploads\/2025\/09\/IMG_1386-600x900.jpg 600w, https:\/\/mav-madeira.pt\/test\/wp-content\/uploads\/2025\/09\/IMG_1386-scaled.jpg 1706w\" sizes=\"(max-width: 768px) 100vw, 768px\" \/><\/li><li class=\"score-ig__item\"><img loading=\"lazy\" decoding=\"async\" width=\"768\" height=\"1152\" src=\"https:\/\/mav-madeira.pt\/test\/wp-content\/uploads\/2025\/09\/IMG_6793-768x1152.jpg\" class=\"attachment-medium_large size-medium_large\" alt=\"\" srcset=\"https:\/\/mav-madeira.pt\/test\/wp-content\/uploads\/2025\/09\/IMG_6793-768x1152.jpg 768w, https:\/\/mav-madeira.pt\/test\/wp-content\/uploads\/2025\/09\/IMG_6793-200x300.jpg 200w, https:\/\/mav-madeira.pt\/test\/wp-content\/uploads\/2025\/09\/IMG_6793-683x1024.jpg 683w, https:\/\/mav-madeira.pt\/test\/wp-content\/uploads\/2025\/09\/IMG_6793-1024x1536.jpg 1024w, https:\/\/mav-madeira.pt\/test\/wp-content\/uploads\/2025\/09\/IMG_6793-1365x2048.jpg 1365w, https:\/\/mav-madeira.pt\/test\/wp-content\/uploads\/2025\/09\/IMG_6793-600x900.jpg 600w, https:\/\/mav-madeira.pt\/test\/wp-content\/uploads\/2025\/09\/IMG_6793-scaled.jpg 1707w\" sizes=\"(max-width: 768px) 100vw, 768px\" \/><\/li><li class=\"score-ig__item\"><img loading=\"lazy\" decoding=\"async\" width=\"768\" height=\"1427\" src=\"https:\/\/mav-madeira.pt\/test\/wp-content\/uploads\/2025\/09\/WhatsApp-Image-2025-09-08-at-14.49.38-1-768x1427.jpeg\" class=\"attachment-medium_large size-medium_large\" alt=\"\" srcset=\"https:\/\/mav-madeira.pt\/test\/wp-content\/uploads\/2025\/09\/WhatsApp-Image-2025-09-08-at-14.49.38-1-768x1427.jpeg 768w, https:\/\/mav-madeira.pt\/test\/wp-content\/uploads\/2025\/09\/WhatsApp-Image-2025-09-08-at-14.49.38-1-161x300.jpeg 161w, https:\/\/mav-madeira.pt\/test\/wp-content\/uploads\/2025\/09\/WhatsApp-Image-2025-09-08-at-14.49.38-1-551x1024.jpeg 551w, https:\/\/mav-madeira.pt\/test\/wp-content\/uploads\/2025\/09\/WhatsApp-Image-2025-09-08-at-14.49.38-1-827x1536.jpeg 827w, https:\/\/mav-madeira.pt\/test\/wp-content\/uploads\/2025\/09\/WhatsApp-Image-2025-09-08-at-14.49.38-1-600x1115.jpeg 600w, https:\/\/mav-madeira.pt\/test\/wp-content\/uploads\/2025\/09\/WhatsApp-Image-2025-09-08-at-14.49.38-1.jpeg 861w\" sizes=\"(max-width: 768px) 100vw, 768px\" \/><\/li><li class=\"score-ig__item\"><img loading=\"lazy\" decoding=\"async\" width=\"768\" height=\"1191\" src=\"https:\/\/mav-madeira.pt\/test\/wp-content\/uploads\/2025\/09\/WhatsApp-Image-2025-09-08-at-14.49.38-768x1191.jpeg\" class=\"attachment-medium_large size-medium_large\" alt=\"\" srcset=\"https:\/\/mav-madeira.pt\/test\/wp-content\/uploads\/2025\/09\/WhatsApp-Image-2025-09-08-at-14.49.38-768x1191.jpeg 768w, https:\/\/mav-madeira.pt\/test\/wp-content\/uploads\/2025\/09\/WhatsApp-Image-2025-09-08-at-14.49.38-194x300.jpeg 194w, https:\/\/mav-madeira.pt\/test\/wp-content\/uploads\/2025\/09\/WhatsApp-Image-2025-09-08-at-14.49.38-660x1024.jpeg 660w, https:\/\/mav-madeira.pt\/test\/wp-content\/uploads\/2025\/09\/WhatsApp-Image-2025-09-08-at-14.49.38-991x1536.jpeg 991w, https:\/\/mav-madeira.pt\/test\/wp-content\/uploads\/2025\/09\/WhatsApp-Image-2025-09-08-at-14.49.38-600x930.jpeg 600w, https:\/\/mav-madeira.pt\/test\/wp-content\/uploads\/2025\/09\/WhatsApp-Image-2025-09-08-at-14.49.38.jpeg 1032w\" sizes=\"(max-width: 768px) 100vw, 768px\" \/><\/li><li class=\"score-ig__item\"><img loading=\"lazy\" decoding=\"async\" width=\"768\" height=\"1153\" src=\"https:\/\/mav-madeira.pt\/test\/wp-content\/uploads\/2025\/09\/WhatsApp-Image-2025-09-08-at-14.49.38-2-768x1153.jpeg\" class=\"attachment-medium_large size-medium_large\" alt=\"\" srcset=\"https:\/\/mav-madeira.pt\/test\/wp-content\/uploads\/2025\/09\/WhatsApp-Image-2025-09-08-at-14.49.38-2-768x1153.jpeg 768w, https:\/\/mav-madeira.pt\/test\/wp-content\/uploads\/2025\/09\/WhatsApp-Image-2025-09-08-at-14.49.38-2-200x300.jpeg 200w, https:\/\/mav-madeira.pt\/test\/wp-content\/uploads\/2025\/09\/WhatsApp-Image-2025-09-08-at-14.49.38-2-682x1024.jpeg 682w, https:\/\/mav-madeira.pt\/test\/wp-content\/uploads\/2025\/09\/WhatsApp-Image-2025-09-08-at-14.49.38-2-1023x1536.jpeg 1023w, https:\/\/mav-madeira.pt\/test\/wp-content\/uploads\/2025\/09\/WhatsApp-Image-2025-09-08-at-14.49.38-2-600x901.jpeg 600w, https:\/\/mav-madeira.pt\/test\/wp-content\/uploads\/2025\/09\/WhatsApp-Image-2025-09-08-at-14.49.38-2.jpeg 1066w\" sizes=\"(max-width: 768px) 100vw, 768px\" \/><\/li><li class=\"score-ig__item\"><img loading=\"lazy\" decoding=\"async\" width=\"768\" height=\"1152\" src=\"https:\/\/mav-madeira.pt\/test\/wp-content\/uploads\/2025\/09\/IMG_6288-768x1152.jpg\" class=\"attachment-medium_large size-medium_large\" alt=\"\" srcset=\"https:\/\/mav-madeira.pt\/test\/wp-content\/uploads\/2025\/09\/IMG_6288-768x1152.jpg 768w, https:\/\/mav-madeira.pt\/test\/wp-content\/uploads\/2025\/09\/IMG_6288-200x300.jpg 200w, https:\/\/mav-madeira.pt\/test\/wp-content\/uploads\/2025\/09\/IMG_6288-683x1024.jpg 683w, https:\/\/mav-madeira.pt\/test\/wp-content\/uploads\/2025\/09\/IMG_6288-1024x1536.jpg 1024w, https:\/\/mav-madeira.pt\/test\/wp-content\/uploads\/2025\/09\/IMG_6288-1365x2048.jpg 1365w, https:\/\/mav-madeira.pt\/test\/wp-content\/uploads\/2025\/09\/IMG_6288-600x900.jpg 600w, https:\/\/mav-madeira.pt\/test\/wp-content\/uploads\/2025\/09\/IMG_6288-scaled.jpg 1707w\" sizes=\"(max-width: 768px) 100vw, 768px\" \/><\/li><\/ul><div class=\"score-ig__info\"><a href=\"https:\/\/www.instagram.com\/financasacessiveis\"><div class=\"score-ig__content\"><svg class=\"score-ig__icon\" width=\"20\" height=\"20\" viewBox=\"0 0 20 20\" fill=\"none\" xmlns=\"http:\/\/www.w3.org\/2000\/svg\"><path fill-rule=\"evenodd\" clip-rule=\"evenodd\" d=\"M15 0H5C2.23858 0 0 2.23858 0 5V15C0 17.7614 2.23858 20 5 20H15C17.7614 20 20 17.7614 20 15V5C20 2.23858 17.7614 0 15 0ZM14 9.36987C14.1235 10.2021 13.9813 11.0521 13.5938 11.7989C13.2063 12.5457 12.5932 13.1513 11.8417 13.5295C11.0901 13.9078 10.2385 14.0395 9.40783 13.9058C8.57717 13.7721 7.8098 13.38 7.21488 12.785C6.61996 12.1901 6.22777 11.4227 6.09411 10.5921C5.96045 9.76143 6.09211 8.90977 6.47037 8.15825C6.84863 7.40673 7.45423 6.79361 8.20103 6.40612C8.94783 6.01862 9.7978 5.87646 10.63 5.99987C11.479 6.12576 12.2649 6.52134 12.8717 7.12818C13.4786 7.73502 13.8742 8.52095 14 9.36987ZM16 5.49994C16.8285 5.49994 17.5 4.82837 17.5 3.99994C17.5 3.17151 16.8285 2.49994 16 2.49994C15.1716 2.49994 14.5 3.17151 14.5 3.99994C14.5 4.82837 15.1716 5.49994 16 5.49994Z\" fill=\"black\"\/><\/svg><div class=\"score-ig__title\">@financasacessiveis<\/div><\/div><button class=\"score-btn score-btn-block score-btn-primary\">Segue-me<\/button><\/a><\/div><\/div>\t\t\t\t<\/div>\n\t\t\t\t<\/div>\n\t\t\t\t<\/div>\n\t\t\t\t<\/div>\n\t\t","protected":false},"excerpt":{"rendered":"<p>Os meus E-books Um e-book simples e pr\u00e1tico que vai elucidar-te sobre todos os passos que tens de cumprir para teres um alojamento local legal, de acordo com a legisla\u00e7\u00e3o em vigor. Saber mais Um guia direto e acess\u00edvel com tudo o que precisas de saber para preencheres o anexo B e o anexo da [&hellip;]<\/p>\n","protected":false},"author":1,"featured_media":0,"parent":0,"menu_order":0,"comment_status":"closed","ping_status":"closed","template":"elementor_header_footer","meta":{"episode_type":"","audio_file":"","cover_image":"","cover_image_id":"","duration":"","filesize":"","date_recorded":"","explicit":"","block":"","itunes_episode_number":"","itunes_title":"","itunes_season_number":"","itunes_episode_type":"","filesize_raw":"","footnotes":""},"class_list":["post-765","page","type-page","status-publish","hentry"],"_links":{"self":[{"href":"https:\/\/mav-madeira.pt\/test\/wp-json\/wp\/v2\/pages\/765","targetHints":{"allow":["GET"]}}],"collection":[{"href":"https:\/\/mav-madeira.pt\/test\/wp-json\/wp\/v2\/pages"}],"about":[{"href":"https:\/\/mav-madeira.pt\/test\/wp-json\/wp\/v2\/types\/page"}],"author":[{"embeddable":true,"href":"https:\/\/mav-madeira.pt\/test\/wp-json\/wp\/v2\/users\/1"}],"replies":[{"embeddable":true,"href":"https:\/\/mav-madeira.pt\/test\/wp-json\/wp\/v2\/comments?post=765"}],"version-history":[{"count":22,"href":"https:\/\/mav-madeira.pt\/test\/wp-json\/wp\/v2\/pages\/765\/revisions"}],"predecessor-version":[{"id":1330,"href":"https:\/\/mav-madeira.pt\/test\/wp-json\/wp\/v2\/pages\/765\/revisions\/1330"}],"wp:attachment":[{"href":"https:\/\/mav-madeira.pt\/test\/wp-json\/wp\/v2\/media?parent=765"}],"curies":[{"name":"wp","href":"https:\/\/api.w.org\/{rel}","templated":true}]}}